{"id":17,"date":"2023-04-03T20:31:30","date_gmt":"2023-04-03T18:31:30","guid":{"rendered":"https:\/\/istitutobuenosaires.esteri.it\/?page_id=17"},"modified":"2024-10-22T13:25:20","modified_gmt":"2024-10-22T11:25:20","slug":"gli_eventi","status":"publish","type":"page","link":"https:\/\/iicmiami.esteri.it\/it\/gli_eventi\/","title":{"rendered":"Eventi"},"content":{"rendered":"        <div class=\"row\">\n\t\t\t<!-- Ricerca sedi post -->\n\t\t\t<div class=\"col-12 mt-4\">\n\t\t\t  <div class=\"callout callout-highlight note ricerca-esteri p-4\">\n                    <div class=\"callout-title\">\n                        <svg class=\"icon\">\n                            <use xlink:href=\"https:\/\/iicmiami.esteri.it\/wp-content\/themes\/sedi-tema\/assets\/svg\/sprites.svg#it-search\"><\/use>\n                        <\/svg>Inserisci i parametri di ricerca                    <\/div>\n                    <form id=\"searchFormPost\" name=\"form-search-post\" class=\"form-row align-items-center\" action=\"https:\/\/iicmiami.esteri.it\/it\/wp-json\/wp\/v2\/pages\/17\/\" method=\"GET\"> \n                        <!-- <div class=\"form-group pt-5\"> -->\n                            <!-- <input type=\"hidden\" id=\"lang\" name=\"lang\" value=\"\"> --> <!-- <\/div> -->\n\n                        <div class=\"it-datepicker-wrapper\">\n                            <div class=\"row\">\n                                <div class=\"form-group col-md-6\">\n                                    <label class=\"active\" for=\"date-init\">Dal<\/label>\n                                    <input class=\"form-control\" name=\"date-init\" id=\"date-init\" type=\"date\" placeholder=\"gg\/mm\/aaaa\" value=\"\"lang=\"en-EN\">  \n                                <\/div>\n                                <div class=\"form-group col-md-6\">\n                                    <label class=\"active\" for=\"date-end\">Al<\/label>\n                                    <input class=\"form-control\" name=\"date-end\" id=\"date-end\" type=\"date\" placeholder=\"gg\/mm\/aaaa\" value=\"\">\n                                <\/div>\n                            <\/div>\n                        <\/div>\n                        <div class=\"form-group col-md-12 mt-3\">\n                            <label for=\"searchText\">Campo ricerca libera<\/label>\n                            <input type=\"text\" name=\"searchText\" class=\"form-control\" id=\"searchText\" value=\"\">\n                        <\/div>\n                        <div class=\"form-group col-md-4 offset-md-8 text-end\">\n                            <a href=\"https:\/\/iicmiami.esteri.it\/it\/gli_eventi\/\" title=\"Form reset\" id=\"resetImput\" class=\"btn btn-outline-primary btn-xs\">Reset<\/a>\n                            <button type=\"submit\" class=\"btn btn-primary btn-xs\">Mostra risultati<\/button>\n                        <\/div>\n                    <\/form>\n\t\t\t\t<\/div>\n\t\t\t<\/div>\n\t\t<\/div>\n                    \n            <div class=\"row\">\n                            <div class=\"col-12 mt-3\">\n                <!--start card-->\n                <div class=\"card-wrapper card-space\">\n                    <div class=\"card card-bg card-big border-bottom-card\">\n                        <div class=\"card-body row\">\n                                                    <div class=\"col-sm-3\">\n                                <div class=\"img-responsive\">\n                                    <figure class=\"img-wrapper\">\n                                        <a href=\"https:\/\/iicmiami.esteri.it\/it\/gli_eventi\/calendario\/mostra-fotografica-ce-ancora-domani-sempre\/\" title=\"Leggi l'articolo: \u201cC\u2019\u00e8 ancora domani, sempre\u201d. Mostra fotografica di Claudio Iannone\">\n                                                                                            <img loading=\"lazy\" decoding=\"async\" width=\"300\" height=\"238\" src=\"https:\/\/iicmiami.esteri.it\/wp-content\/uploads\/2026\/04\/Copertina-Catalogo-300x238.jpg\" srcset=\"https:\/\/iicmiami.esteri.it\/wp-content\/uploads\/2026\/04\/Copertina-Catalogo.jpg 1129w, https:\/\/iicmiami.esteri.it\/wp-content\/uploads\/2026\/04\/Copertina-Catalogo-300x238.jpg 300w, https:\/\/iicmiami.esteri.it\/wp-content\/uploads\/2026\/04\/Copertina-Catalogo-1024x814.jpg 1024w, https:\/\/iicmiami.esteri.it\/wp-content\/uploads\/2026\/04\/Copertina-Catalogo-768x610.jpg 768w\" sizes=\"auto, (max-width: 1129px) 100vw, 1129px\"  title=\"C\u2019\u00e8 ancora domani, sempre. Copertina del catalogo\" alt=\"C\u2019\u00e8 ancora domani, sempre. Copertina del catalogo\" class=\"img-fluid\">\n                                                                                    <\/a>\n                                    <\/figure>\n                                <\/div>\n                            <\/div>\n                            <div class=\"col-sm-9\">\n                                                            <div class=\"category-top\">\n                                    <span class=\"fw-bold \"><\/span>                                                                        <span class=\"\">\n                                        <svg class=\"icon icon-secondary\">\n                                            <use xlink:href=\"https:\/\/iicmiami.esteri.it\/wp-content\/themes\/sedi-tema\/assets\/svg\/sprites.svg#it-calendar\"><\/use>\n                                        <\/svg> Gio 30 Apr 2026<svg class=\"icon icon-xs icon-secondary me-1 ms-1\"><use href=\"https:\/\/iicmiami.esteri.it\/wp-content\/themes\/sedi-tema\/assets\/svg\/sprites.svg#it-arrow-right\"><\/use><\/svg>Lun 01 Giu 2026                                    <\/span>\n                                                                    <\/div>\n                            <h5 class=\"card-title big-heading text-uppercase\"><a class=\"text-body text-decoration-none\" href=\"https:\/\/iicmiami.esteri.it\/it\/gli_eventi\/calendario\/mostra-fotografica-ce-ancora-domani-sempre\/\" title=\"\u201cC\u2019\u00e8 ancora domani, sempre\u201d. Mostra fotografica di Claudio Iannone\">\u201cC\u2019\u00e8 ancora domani, sempre\u201d. Mostra fotografica di Claudio Iannone<\/a><\/h5>\n                            <p class=\"card-text\">A partire da gioved\u00ec 30 aprile (appuntamento alle ore 18.30, alla presenza dell\u2019autore Claudio Iannone e della curatrice Alessandra Albanesi) fino al 1\u00b0 giugno, \u00e8 allestita all\u2019Istituto Italiano di Cultura di Miami la mostra fotografica C\u2019\u00e8 ancora domani, sempre. L\u2019esposizione presenta 50 fotografie realizzate da Claudio Iannone durante le riprese del film C\u2019\u00e8 ancora domani [&hellip;]<\/p>\n                                <a title=\"\u201cC\u2019\u00e8 ancora domani, sempre\u201d. Mostra fotografica di Claudio Iannone\" class=\"read-more\" href=\"https:\/\/iicmiami.esteri.it\/it\/gli_eventi\/calendario\/mostra-fotografica-ce-ancora-domani-sempre\/\">\n                                    <span class=\"text\">Leggi di pi\u00f9<\/span>\n                                    <svg class=\"icon\">\n                                    <use xlink:href=\"https:\/\/iicmiami.esteri.it\/wp-content\/themes\/sedi-tema\/assets\/svg\/sprites.svg#it-arrow-right\"><\/use>\n                                    <\/svg>\n                                <\/a>\n                                                        <\/div>\n                                                    <\/div>\n                    <\/div>\n                <\/div>\n                <!--end card-->\n                <\/div><!-- col-12 .mt-3-->\n                            <div class=\"col-12 mt-3\">\n                <!--start card-->\n                <div class=\"card-wrapper card-space\">\n                    <div class=\"card card-bg card-big border-bottom-card\">\n                        <div class=\"card-body row\">\n                                                    <div class=\"col-sm-3\">\n                                <div class=\"img-responsive\">\n                                    <figure class=\"img-wrapper\">\n                                        <a href=\"https:\/\/iicmiami.esteri.it\/it\/gli_eventi\/calendario\/trio-hermes-in-concerto-united-in-sound-italy-and-usa\/\" title=\"Leggi l'articolo: Trio H\u00e8rmes in concerto: \u201cUnited in Sound. Italy and USA\u201d\">\n                                                                                            <img loading=\"lazy\" decoding=\"async\" width=\"216\" height=\"300\" src=\"https:\/\/iicmiami.esteri.it\/wp-content\/uploads\/2026\/04\/TrioHermes-216x300.jpg\" srcset=\"https:\/\/iicmiami.esteri.it\/wp-content\/uploads\/2026\/04\/TrioHermes.jpg 1349w, https:\/\/iicmiami.esteri.it\/wp-content\/uploads\/2026\/04\/TrioHermes-216x300.jpg 216w, https:\/\/iicmiami.esteri.it\/wp-content\/uploads\/2026\/04\/TrioHermes-737x1024.jpg 737w, https:\/\/iicmiami.esteri.it\/wp-content\/uploads\/2026\/04\/TrioHermes-768x1067.jpg 768w\" sizes=\"auto, (max-width: 1349px) 100vw, 1349px\"  title=\"Trio H\u00e8rmes\" alt=\"Trio H\u00e8rmes\" class=\"img-fluid\">\n                                                                                    <\/a>\n                                    <\/figure>\n                                <\/div>\n                            <\/div>\n                            <div class=\"col-sm-9\">\n                                                            <div class=\"category-top\">\n                                    <span class=\"fw-bold \"><\/span>                                                                        <span class=\"\">\n                                        <svg class=\"icon icon-secondary\">\n                                            <use xlink:href=\"https:\/\/iicmiami.esteri.it\/wp-content\/themes\/sedi-tema\/assets\/svg\/sprites.svg#it-calendar\"><\/use>\n                                        <\/svg> Mer 06 Mag 2026                                    <\/span>\n                                                                    <\/div>\n                            <h5 class=\"card-title big-heading text-uppercase\"><a class=\"text-body text-decoration-none\" href=\"https:\/\/iicmiami.esteri.it\/it\/gli_eventi\/calendario\/trio-hermes-in-concerto-united-in-sound-italy-and-usa\/\" title=\"Trio H\u00e8rmes in concerto: \u201cUnited in Sound. Italy and USA\u201d\">Trio H\u00e8rmes in concerto: \u201cUnited in Sound. Italy and USA\u201d<\/a><\/h5>\n                            <p class=\"card-text\">Mercoled\u00ec 6 maggio alle ore 18.00 l\u2019Istituto Italiano di Cultura di Miami invita a un concerto di musica da camera nella sala per gli eventi della Steinway Piano Gallery di Coral Gables. Sul palco il Trio H\u00e8rmes, giovane ensemble gi\u00e0 internazionalmente apprezzato, in occasione di una breve tourn\u00e9e negli Stati Uniti che lo vedr\u00e0 impegnato [&hellip;]<\/p>\n                                <a title=\"Trio H\u00e8rmes in concerto: \u201cUnited in Sound. Italy and USA\u201d\" class=\"read-more\" href=\"https:\/\/iicmiami.esteri.it\/it\/gli_eventi\/calendario\/trio-hermes-in-concerto-united-in-sound-italy-and-usa\/\">\n                                    <span class=\"text\">Leggi di pi\u00f9<\/span>\n                                    <svg class=\"icon\">\n                                    <use xlink:href=\"https:\/\/iicmiami.esteri.it\/wp-content\/themes\/sedi-tema\/assets\/svg\/sprites.svg#it-arrow-right\"><\/use>\n                                    <\/svg>\n                                <\/a>\n                                                        <\/div>\n                                                    <\/div>\n                    <\/div>\n                <\/div>\n                <!--end card-->\n                <\/div><!-- col-12 .mt-3-->\n            \n            <div class=\"col-md-12 mt-4 pb-4\">\n                <nav class=\"navigation col-md-12\" aria-label=\"Navigation\">\n                    <h2 class=\"screen-reader-text visually-hidden\">Paginazione<\/h2>\n                    <div class=\"nav-links\">\n                                        <\/div>\n                <\/nav>\n            <\/div>   <!--.col-md-12 -->\n              <\/div><!--.row -->\n              \n","protected":false},"excerpt":{"rendered":"","protected":false},"author":1,"featured_media":0,"parent":0,"menu_order":2,"comment_status":"closed","ping_status":"closed","template":"","meta":{"footnotes":""},"class_list":["post-17","page","type-page","status-publish","hentry"],"_links":{"self":[{"href":"https:\/\/iicmiami.esteri.it\/it\/wp-json\/wp\/v2\/pages\/17","targetHints":{"allow":["GET"]}}],"collection":[{"href":"https:\/\/iicmiami.esteri.it\/it\/wp-json\/wp\/v2\/pages"}],"about":[{"href":"https:\/\/iicmiami.esteri.it\/it\/wp-json\/wp\/v2\/types\/page"}],"author":[{"embeddable":true,"href":"https:\/\/iicmiami.esteri.it\/it\/wp-json\/wp\/v2\/users\/1"}],"replies":[{"embeddable":true,"href":"https:\/\/iicmiami.esteri.it\/it\/wp-json\/wp\/v2\/comments?post=17"}],"version-history":[{"count":1,"href":"https:\/\/iicmiami.esteri.it\/it\/wp-json\/wp\/v2\/pages\/17\/revisions"}],"predecessor-version":[{"id":21,"href":"https:\/\/iicmiami.esteri.it\/it\/wp-json\/wp\/v2\/pages\/17\/revisions\/21"}],"wp:attachment":[{"href":"https:\/\/iicmiami.esteri.it\/it\/wp-json\/wp\/v2\/media?parent=17"}],"curies":[{"name":"wp","href":"https:\/\/api.w.org\/{rel}","templated":true}]}}